{"id":29,"date":"2022-09-07T13:53:16","date_gmt":"2022-09-07T13:53:16","guid":{"rendered":"http:\/\/dummy.xtemos.com\/woodmart2\/accessories-elementor\/?page_id=29"},"modified":"2026-05-07T11:44:11","modified_gmt":"2026-05-07T14:44:11","slug":"shipping","status":"publish","type":"page","link":"https:\/\/loja.compweb.tec.br\/?page_id=29","title":{"rendered":"Envio"},"content":{"rendered":"\t\t<div data-elementor-type=\"wp-page\" data-elementor-id=\"29\" class=\"elementor elementor-29\" data-elementor-post-type=\"page\">\n\t\t\t\t<div class=\"wd-negative-gap elementor-element elementor-element-b424d0d wd-section-stretch e-flex e-con-boxed e-con e-parent\" data-id=\"b424d0d\" data-element_type=\"container\" data-e-type=\"container\" data-settings=\"{&quot;background_background&quot;:&quot;classic&quot;}\">\n\t\t\t\t\t<div class=\"e-con-inner\">\n\t\t<div class=\"elementor-element elementor-element-b1e3a9a e-con-full e-flex e-con e-child\" data-id=\"b1e3a9a\" data-element_type=\"container\" data-e-type=\"container\">\n\t\t\t\t<div class=\"elementor-element elementor-element-d55ff9a wd-width-100 elementor-widget elementor-widget-wd_title\" data-id=\"d55ff9a\" data-element_type=\"widget\" data-e-type=\"widget\" data-widget_type=\"wd_title.default\">\n\t\t\t\t<div class=\"elementor-widget-container\">\n\t\t\t\t\t\t\t<div class=\"title-wrapper wd-set-mb reset-last-child wd-title-color-default wd-title-style-default wd-title-size-large text-left\">\n\n\t\t\t\n\t\t\t<div class=\"liner-continer\">\n\t\t\t\t<h4 class=\"woodmart-title-container title wd-fontsize-xxl\">Log\u00edstica de entrega<\/h4> \n\t\t\t\t\t\t\t<\/div>\n\n\t\t\t\t\t<\/div>\n\t\t\t\t\t\t<\/div>\n\t\t\t\t<\/div>\n\t\t\t\t<\/div>\n\t\t<div class=\"elementor-element elementor-element-243a0c8 e-con-full e-flex e-con e-child\" data-id=\"243a0c8\" data-element_type=\"container\" data-e-type=\"container\">\n\t\t\t\t<div class=\"elementor-element elementor-element-f0b6860 elementor-widget elementor-widget-wd_image_or_svg\" data-id=\"f0b6860\" data-element_type=\"widget\" data-e-type=\"widget\" data-widget_type=\"wd_image_or_svg.default\">\n\t\t\t\t<div class=\"elementor-widget-container\">\n\t\t\t\t\t\n\t\t<div class=\"wd-image text-center\">\n\t\t\t\t\t\t\t\t<img loading=\"lazy\" decoding=\"async\" width=\"685\" height=\"368\" src=\"https:\/\/loja.compweb.tec.br\/wp-content\/uploads\/2022\/09\/shipping-2.jpg\" class=\"attachment-full size-full\" alt=\"\" srcset=\"https:\/\/loja.compweb.tec.br\/wp-content\/uploads\/2022\/09\/shipping-2.jpg 685w, https:\/\/loja.compweb.tec.br\/wp-content\/uploads\/2022\/09\/shipping-2-148x80.jpg 148w\" sizes=\"auto, (max-width: 685px) 100vw, 685px\" \/>\t\t\t\t\t<\/div>\n\n\t\t\t\t\t\t<\/div>\n\t\t\t\t<\/div>\n\t\t\t\t<\/div>\n\t\t\t\t\t<\/div>\n\t\t\t\t<\/div>\n\t\t<div class=\"wd-negative-gap elementor-element elementor-element-1f8235a e-flex e-con-boxed e-con e-parent\" data-id=\"1f8235a\" data-element_type=\"container\" data-e-type=\"container\">\n\t\t\t\t\t<div class=\"e-con-inner\">\n\t\t\t\t<div class=\"elementor-element elementor-element-e406d7f wd-width-100 elementor-widget elementor-widget-wd_title\" data-id=\"e406d7f\" data-element_type=\"widget\" data-e-type=\"widget\" data-widget_type=\"wd_title.default\">\n\t\t\t\t<div class=\"elementor-widget-container\">\n\t\t\t\t\t\t\t<div class=\"title-wrapper wd-set-mb reset-last-child wd-title-color-primary wd-title-style-default wd-title-size-large text-center\">\n\n\t\t\t\t\t\t\t\t\t\t\t<div class=\"title-subtitle subtitle-color-primary subtitle-style-default wd-fontsize-xs\">\n\t\t\t\t\tAprenda como obter um desconto\t\t\t\t<\/div>\n\t\t\t\n\t\t\t<div class=\"liner-continer\">\n\t\t\t\t<h4 class=\"woodmart-title-container title wd-fontsize-xxl\">Op\u00e7\u00f5es de envio<\/h4> \n\t\t\t\t\t\t\t<\/div>\n\n\t\t\t\t\t<\/div>\n\t\t\t\t\t\t<\/div>\n\t\t\t\t<\/div>\n\t\t<div class=\"elementor-element elementor-element-0b6f59d e-con-full e-flex e-con e-child\" data-id=\"0b6f59d\" data-element_type=\"container\" data-e-type=\"container\">\n\t\t<div class=\"elementor-element elementor-element-82f864d e-con-full e-flex e-con e-child\" data-id=\"82f864d\" data-element_type=\"container\" data-e-type=\"container\">\n\t\t\t\t<div class=\"elementor-element elementor-element-255a475 elementor-widget elementor-widget-wd_menu_price\" data-id=\"255a475\" data-element_type=\"widget\" data-e-type=\"widget\" data-widget_type=\"wd_menu_price.default\">\n\t\t\t\t<div class=\"elementor-widget-container\">\n\t\t\t\t\t\t\t<div class=\"wd-menu-price\">\n\t\t\t\n\t\t\t<div class=\"menu-price-desc-wrapp\">\n\t\t\t\t<div class=\"menu-price-heading\">\n\t\t\t\t\t\t\t\t\t\t\t<h3 class=\"menu-price-title wd-entities-title\">\n\t\t\t\t\t\t\t<span >\n\t\t\t\t\t\t\t\t Envio padr\u00e3o\t\t\t\t\t\t\t<\/span>\n\t\t\t\t\t\t<\/h3>\n\t\t\t\t\t\n\t\t\t\t\t<div class=\"menu-price-price amount\">\n\t\t\t\t\t\tR$ 80,00\t\t\t\t\t<\/div>\n\t\t\t\t<\/div>\n\n\t\t\t\t\t\t\t\t\t<div class=\"menu-price-details\">\n\t\t\t\t\t\t Entrega em 5 a 7 dias \u00fateis.\t\t\t\t\t<\/div>\n\t\t\t\t\t\t\t<\/div>\n\n\t\t\t\n\t\t<\/div>\n\t\t\t\t\t\t<\/div>\n\t\t\t\t<\/div>\n\t\t\t\t<div class=\"elementor-element elementor-element-5b858df elementor-widget elementor-widget-wd_menu_price\" data-id=\"5b858df\" data-element_type=\"widget\" data-e-type=\"widget\" data-widget_type=\"wd_menu_price.default\">\n\t\t\t\t<div class=\"elementor-widget-container\">\n\t\t\t\t\t\t\t<div class=\"wd-menu-price\">\n\t\t\t\n\t\t\t<div class=\"menu-price-desc-wrapp\">\n\t\t\t\t<div class=\"menu-price-heading\">\n\t\t\t\t\t\t\t\t\t\t\t<h3 class=\"menu-price-title wd-entities-title\">\n\t\t\t\t\t\t\t<span >\n\t\t\t\t\t\t\t\t Envio Expresso\t\t\t\t\t\t\t<\/span>\n\t\t\t\t\t\t<\/h3>\n\t\t\t\t\t\n\t\t\t\t\t<div class=\"menu-price-price amount\">\n\t\t\t\t\t\tR$ 100,00\t\t\t\t\t<\/div>\n\t\t\t\t<\/div>\n\n\t\t\t\t\t\t\t\t\t<div class=\"menu-price-details\">\n\t\t\t\t\t\t Entrega em 3 a 5 dias \u00fateis.\t\t\t\t\t<\/div>\n\t\t\t\t\t\t\t<\/div>\n\n\t\t\t\n\t\t<\/div>\n\t\t\t\t\t\t<\/div>\n\t\t\t\t<\/div>\n\t\t\t\t<\/div>\n\t\t<div class=\"elementor-element elementor-element-d9f4f14 e-con-full e-flex e-con e-child\" data-id=\"d9f4f14\" data-element_type=\"container\" data-e-type=\"container\">\n\t\t\t\t<div class=\"elementor-element elementor-element-cfab349 elementor-widget elementor-widget-wd_menu_price\" data-id=\"cfab349\" data-element_type=\"widget\" data-e-type=\"widget\" data-widget_type=\"wd_menu_price.default\">\n\t\t\t\t<div class=\"elementor-widget-container\">\n\t\t\t\t\t\t\t<div class=\"wd-menu-price\">\n\t\t\t\n\t\t\t<div class=\"menu-price-desc-wrapp\">\n\t\t\t\t<div class=\"menu-price-heading\">\n\t\t\t\t\t\t\t\t\t\t\t<h3 class=\"menu-price-title wd-entities-title\">\n\t\t\t\t\t\t\t<span >\n\t\t\t\t\t\t\t\tEnvio em 1 a 2 dias\t\t\t\t\t\t\t<\/span>\n\t\t\t\t\t\t<\/h3>\n\t\t\t\t\t\n\t\t\t\t\t<div class=\"menu-price-price amount\">\n\t\t\t\t\t\t200,00\t\t\t\t\t<\/div>\n\t\t\t\t<\/div>\n\n\t\t\t\t\t\t\t\t\t<div class=\"menu-price-details\">\n\t\t\t\t\t\t Entrega em 1 a 2 dias \u00fateis.\t\t\t\t\t<\/div>\n\t\t\t\t\t\t\t<\/div>\n\n\t\t\t\n\t\t<\/div>\n\t\t\t\t\t\t<\/div>\n\t\t\t\t<\/div>\n\t\t\t\t<div class=\"elementor-element elementor-element-dc0e179 elementor-widget elementor-widget-wd_menu_price\" data-id=\"dc0e179\" data-element_type=\"widget\" data-e-type=\"widget\" data-widget_type=\"wd_menu_price.default\">\n\t\t\t\t<div class=\"elementor-widget-container\">\n\t\t\t\t\t\t\t<div class=\"wd-menu-price\">\n\t\t\t\n\t\t\t<div class=\"menu-price-desc-wrapp\">\n\t\t\t\t<div class=\"menu-price-heading\">\n\t\t\t\t\t\t\t\t\t\t\t<h3 class=\"menu-price-title wd-entities-title\">\n\t\t\t\t\t\t\t<span >\n\t\t\t\t\t\t\t\t Frete gr\u00e1tis\t\t\t\t\t\t\t<\/span>\n\t\t\t\t\t\t<\/h3>\n\t\t\t\t\t\n\t\t\t\t\t<div class=\"menu-price-price amount\">\n\t\t\t\t\t\t$0\t\t\t\t\t<\/div>\n\t\t\t\t<\/div>\n\n\t\t\t\t\t\t\t\t\t<div class=\"menu-price-details\">\n\t\t\t\t\t\tEntrega em 4 a 5 dias \u00fateis.\t\t\t\t\t<\/div>\n\t\t\t\t\t\t\t<\/div>\n\n\t\t\t\n\t\t<\/div>\n\t\t\t\t\t\t<\/div>\n\t\t\t\t<\/div>\n\t\t\t\t<\/div>\n\t\t\t\t<\/div>\n\t\t\t\t\t<\/div>\n\t\t\t\t<\/div>\n\t\t<div class=\"wd-negative-gap elementor-element elementor-element-87f8307 e-flex e-con-boxed e-con e-parent\" data-id=\"87f8307\" data-element_type=\"container\" data-e-type=\"container\">\n\t\t\t\t\t<div class=\"e-con-inner\">\n\t\t<div class=\"elementor-element elementor-element-4d92780 e-con-full e-flex e-con e-child\" data-id=\"4d92780\" data-element_type=\"container\" data-e-type=\"container\">\n\t\t\t\t<div class=\"elementor-element elementor-element-d999342 wd-width-100 elementor-widget elementor-widget-wd_video\" data-id=\"d999342\" data-element_type=\"widget\" data-e-type=\"widget\" data-widget_type=\"wd_video.default\">\n\t\t\t\t<div class=\"elementor-widget-container\">\n\t\t\t\t\t\n\t\t<div class=\"wd-el-video wd-action-overlay wd-video-youtube\">\n\t\t\t\t\t\t\t<iframe data-lazy-load=\"https:\/\/www.youtube.com\/embed\/XHOmBV4js_E?feature=oembed&loop=0&mute=0&controls=1\" allowfullscreen allow=\"accelerometer; autoplay; encrypted-media; gyroscope; picture-in-picture\" width=\"100%\" height=\"100%\" loading=\"lazy\" aria-label=\"Reprodutor de v\u00eddeo\"><\/iframe>\t\t\t\n\t\t\t\n\t\t\t\n\t\t\t\t\t\t\t<div class=\"wd-el-video-overlay wd-fill\">\n\t\t\t\t\t<img loading=\"lazy\" decoding=\"async\" width=\"800\" height=\"678\" src=\"https:\/\/loja.compweb.tec.br\/wp-content\/uploads\/2022\/09\/video-thumb.jpg\" class=\"attachment-full size-full\" alt=\"\" \/>\t\t\t\t<\/div>\n\t\t\t\t<div class=\"wd-el-video-control color-scheme-light wd-fill\">\n\t\t\t\t\t<span class=\"wd-el-video-play-btn\"><\/span>\n\t\t\t\t\t\t\t\t\t<\/div>\n\n\t\t\t\t<a class=\"wd-el-video-link wd-el-video-btn-overlay wd-fill\" href=\"https:\/\/www.youtube.com\/watch?v=XHOmBV4js_E\" aria-label=\"Reproduzir v\u00eddeo\"><\/a>\n\t\t\t\t\t<\/div>\n\t\t\t\t\t\t<\/div>\n\t\t\t\t<\/div>\n\t\t\t\t<\/div>\n\t\t<div class=\"elementor-element elementor-element-ce51b2b e-con-full e-flex e-con e-child\" data-id=\"ce51b2b\" data-element_type=\"container\" data-e-type=\"container\">\n\t\t\t\t<div class=\"elementor-element elementor-element-e0ed47e wd-width-100 elementor-widget elementor-widget-wd_title\" data-id=\"e0ed47e\" data-element_type=\"widget\" data-e-type=\"widget\" data-widget_type=\"wd_title.default\">\n\t\t\t\t<div class=\"elementor-widget-container\">\n\t\t\t\t\t\t\t<div class=\"title-wrapper wd-set-mb reset-last-child wd-title-color-default wd-title-style-default wd-title-size-medium text-left\">\n\n\t\t\t\n\t\t\t<div class=\"liner-continer\">\n\t\t\t\t<h4 class=\"woodmart-title-container title wd-fontsize-xl\">Devolu\u00e7\u00f5es e trocas<\/h4> \n\t\t\t\t\t\t\t<\/div>\n\n\t\t\t\t\t<\/div>\n\t\t\t\t\t\t<\/div>\n\t\t\t\t<\/div>\n\t\t\t\t<div class=\"elementor-element elementor-element-de313be elementor-widget elementor-widget-wd_text_block\" data-id=\"de313be\" data-element_type=\"widget\" data-e-type=\"widget\" data-widget_type=\"wd_text_block.default\">\n\t\t\t\t<div class=\"elementor-widget-container\">\n\t\t\t\t\t\t\t<div class=\"wd-text-block reset-last-child text-left\">\n\t\t\t\n\t\t\t<p><span lang=\"pt\">Queremos que voc\u00ea fique completamente satisfeito com sua compra. Se n\u00e3o estiver satisfeito com seu pedido, voc\u00ea tem duas op\u00e7\u00f5es para devolu\u00e7\u00e3o ou troca. <br \/><br \/>Basta trazer seu pedido na embalagem original, acompanhado do original.<br \/><\/span><\/p>\n\t\t\t\t\t<\/div>\n\t\t\t\t\t\t<\/div>\n\t\t\t\t<\/div>\n\t\t\t\t<\/div>\n\t\t\t\t\t<\/div>\n\t\t\t\t<\/div>\n\t\t\t\t<\/div>\n\t\t","protected":false},"excerpt":{"rendered":"<p>Log\u00edstica de entrega Aprenda como obter um desconto Op\u00e7\u00f5es de envio Envio padr\u00e3o R$ 80,00 Entrega em 5 a 7<\/p>\n","protected":false},"author":1,"featured_media":0,"parent":0,"menu_order":0,"comment_status":"closed","ping_status":"closed","template":"","meta":{"footnotes":""},"class_list":["post-29","page","type-page","status-publish","hentry"],"_links":{"self":[{"href":"https:\/\/loja.compweb.tec.br\/index.php?rest_route=\/wp\/v2\/pages\/29","targetHints":{"allow":["GET"]}}],"collection":[{"href":"https:\/\/loja.compweb.tec.br\/index.php?rest_route=\/wp\/v2\/pages"}],"about":[{"href":"https:\/\/loja.compweb.tec.br\/index.php?rest_route=\/wp\/v2\/types\/page"}],"author":[{"embeddable":true,"href":"https:\/\/loja.compweb.tec.br\/index.php?rest_route=\/wp\/v2\/users\/1"}],"replies":[{"embeddable":true,"href":"https:\/\/loja.compweb.tec.br\/index.php?rest_route=%2Fwp%2Fv2%2Fcomments&post=29"}],"version-history":[{"count":7,"href":"https:\/\/loja.compweb.tec.br\/index.php?rest_route=\/wp\/v2\/pages\/29\/revisions"}],"predecessor-version":[{"id":10008,"href":"https:\/\/loja.compweb.tec.br\/index.php?rest_route=\/wp\/v2\/pages\/29\/revisions\/10008"}],"wp:attachment":[{"href":"https:\/\/loja.compweb.tec.br\/index.php?rest_route=%2Fwp%2Fv2%2Fmedia&parent=29"}],"curies":[{"name":"wp","href":"https:\/\/api.w.org\/{rel}","templated":true}]}}